{"id":6823,"date":"2025-10-31T06:26:24","date_gmt":"2025-10-31T06:26:24","guid":{"rendered":"https:\/\/www.kinomuzejs.lv\/?page_id=6823"},"modified":"2026-02-11T13:46:28","modified_gmt":"2026-02-11T13:46:28","slug":"jura-podnieka-gads","status":"publish","type":"page","link":"https:\/\/www.kinomuzejs.lv\/lv\/jura-podnieka-gads\/","title":{"rendered":"Juris Podnieks"},"content":{"rendered":"<p><\/p>\n<p><span style=\"font-size: 21px;\"><strong>Izst\u0101de bija apskat\u0101ma no 2025. gada 18. oktobra l\u012bdz 8. decembrim.<\/strong><\/span><\/p>\n<p><strong><span style=\"font-size: 18px;\">Izst\u0101des katalogs:<\/span><span style=\"color: #0000ff; font-size: 18px;\"> <a style=\"color: #0000ff;\" href=\"https:\/\/www.kinomuzejs.lv\/wp-content\/uploads\/2025\/11\/PODNIEKA-LAIKTELPA-Katalogs-LV-1-1.pdf\">PODNIEKA-LAIKTELPA-Katalogs-LV,<em> PDF, 8MB<\/em><\/a><\/span><\/strong><\/p>\n<p><strong><span style=\"font-size: 18px;\">Exhibition catalogue: <a href=\"https:\/\/www.kinomuzejs.lv\/wp-content\/uploads\/2025\/11\/PODNIEKS-SPACE-TIME-Catalogue-EN-1.pdf\"><span style=\"color: #0000ff;\">PODNIEKS-SPACE-TIME-Catalogue-EN, <\/span><em><span style=\"color: #0000ff;\">PDF, 8MB<\/span><\/em><\/a><\/span><\/strong><\/p>\n<p><span style=\"font-size: 18px;\">Papla\u0161in\u0101ta Jura Podnieka filmu kolekcija skat\u0101ma ar\u012b:<\/span> <span style=\"font-size: 18px; color: #0000ff;\"><a style=\"color: #0000ff;\" href=\"https:\/\/www.filmas.lv\/filmu-katalogs\/?tab=movies&amp;sub_tab=movies-list&amp;list=jura-podnieka-filmas\">filmas.lv.<\/a><\/span><\/p>\n<p>Links uz grandiozo 5 s\u0113riju filmu &#8211; <span style=\"color: #0000ff;\"><a style=\"color: #0000ff;\" href=\"https:\/\/www.youtube.com\/watch?v=dWiMhjYkXq4&amp;list=PLVyDcNmH96Ot83ElMwni3OVke4o0f4JIX&amp;index=1\"><strong><em>M\u0113s<\/em><\/strong> (only in english)<\/a><\/span><\/p>\n<p><img loading=\"lazy\" decoding=\"async\" class=\"alignnone wp-image-6733 size-medium\" src=\"https:\/\/www.kinomuzejs.lv\/wp-content\/uploads\/2025\/05\/PODNIEKA-GADS_small-300x224.png\" alt=\"\" width=\"300\" height=\"224\" srcset=\"https:\/\/www.kinomuzejs.lv\/wp-content\/uploads\/2025\/05\/PODNIEKA-GADS_small-300x224.png 300w, https:\/\/www.kinomuzejs.lv\/wp-content\/uploads\/2025\/05\/PODNIEKA-GADS_small.png 500w\" sizes=\"auto, (max-width: 300px) 100vw, 300px\" \/><\/p>\n<p><\/p>\n<noscript class=\"ninja-forms-noscript-message\">\n\tNotice: JavaScript is required for this content.<\/noscript>\n<div id=\"nf-form-2-cont\" class=\"nf-form-cont\" aria-live=\"polite\" aria-labelledby=\"nf-form-title-2\" aria-describedby=\"nf-form-errors-2\" role=\"form\">\n\n    <div class=\"nf-loading-spinner\"><\/div>\n\n<\/div>\n        <!-- That data is being printed as a workaround to page builders reordering the order of the scripts loaded-->\n        <script>var formDisplay=1;var nfForms=nfForms||[];var form=[];form.id='2';form.settings={\"objectType\":\"Form Setting\",\"editActive\":true,\"title\":\"Subscribe\",\"show_title\":0,\"allow_public_link\":0,\"public_link\":\"http:\\\/\\\/206.81.21.133\\\/ninja-forms\\\/2jskj\",\"embed_form\":\"\",\"clear_complete\":1,\"hide_complete\":0,\"default_label_pos\":\"above\",\"wrapper_class\":\"\",\"element_class\":\"\",\"key\":\"\",\"add_submit\":0,\"changeEmailErrorMsg\":\"Kaut kas nog\\u0101ja greizi.&lt;br&gt;L\\u016bdzu m\\u0113\\u0123ini v\\u0113lreiz!\",\"changeDateErrorMsg\":\"Please enter a valid date!\",\"confirmFieldErrorMsg\":\"These fields must match!\",\"fieldNumberNumMinError\":\"Number Min Error\",\"fieldNumberNumMaxError\":\"Number Max Error\",\"fieldNumberIncrementBy\":\"Please increment by \",\"formErrorsCorrectErrors\":\"Please correct errors before submitting this form.\",\"validateRequiredField\":\"This is a required field.\",\"honeypotHoneypotError\":\"Honeypot Error\",\"fieldsMarkedRequired\":\"Fields marked with an <span class=\\\"ninja-forms-req-symbol\\\">*<\\\/span> are required\",\"currency\":\"\",\"unique_field_error\":\"A form with this value has already been submitted.\",\"logged_in\":false,\"not_logged_in_msg\":\"\",\"sub_limit_msg\":\"The form has reached its submission limit.\",\"calculations\":[],\"formContentData\":[\"email_1558951174017\",\"pieteikties_1559674962830\",\"recaptcha_1645633425176\"],\"drawerDisabled\":false,\"public_link_key\":\"2jskj\",\"repeatable_fieldsets\":\"\",\"ninjaForms\":\"Ninja Forms\",\"fieldTextareaRTEInsertLink\":\"Insert Link\",\"fieldTextareaRTEInsertMedia\":\"Insert Media\",\"fieldTextareaRTESelectAFile\":\"Select a file\",\"formHoneypot\":\"If you are a human seeing this field, please leave it empty.\",\"fileUploadOldCodeFileUploadInProgress\":\"File Upload in Progress.\",\"fileUploadOldCodeFileUpload\":\"FILE UPLOAD\",\"currencySymbol\":\"&euro;\",\"thousands_sep\":\",\",\"decimal_point\":\".\",\"siteLocale\":\"lv_LV\",\"dateFormat\":\"d.m.Y\",\"startOfWeek\":\"1\",\"of\":\"of\",\"previousMonth\":\"Previous Month\",\"nextMonth\":\"Next Month\",\"months\":[\"January\",\"February\",\"March\",\"April\",\"May\",\"June\",\"July\",\"August\",\"September\",\"October\",\"November\",\"December\"],\"monthsShort\":[\"Jan\",\"Feb\",\"Mar\",\"Apr\",\"May\",\"Jun\",\"Jul\",\"Aug\",\"Sep\",\"Oct\",\"Nov\",\"Dec\"],\"weekdays\":[\"Sunday\",\"Monday\",\"Tuesday\",\"Wednesday\",\"Thursday\",\"Friday\",\"Saturday\"],\"weekdaysShort\":[\"Sun\",\"Mon\",\"Tue\",\"Wed\",\"Thu\",\"Fri\",\"Sat\"],\"weekdaysMin\":[\"Su\",\"Mo\",\"Tu\",\"We\",\"Th\",\"Fr\",\"Sa\"],\"recaptchaConsentMissing\":\"reCaptcha validation couldn&#039;t load.\",\"recaptchaMissingCookie\":\"reCaptcha v3 validation couldn&#039;t load the cookie needed to submit the form.\",\"recaptchaConsentEvent\":\"Accept reCaptcha cookies before sending the form.\",\"currency_symbol\":\"\",\"beforeForm\":\"\",\"beforeFields\":\"\",\"afterFields\":\"\",\"afterForm\":\"\"};form.fields=[{\"objectType\":\"Field\",\"objectDomain\":\"fields\",\"editActive\":false,\"order\":999,\"idAttribute\":\"id\",\"type\":\"email\",\"label\":\"\",\"key\":\"email_1558951174017\",\"label_pos\":\"above\",\"required\":false,\"default\":\"\",\"placeholder\":\"Tavs e-pasts\",\"container_class\":\"two-thirds first\",\"element_class\":\"\",\"admin_label\":\"\",\"help_text\":\"\",\"custom_name_attribute\":\"email\",\"personally_identifiable\":1,\"value\":\"\",\"drawerDisabled\":false,\"id\":5,\"beforeField\":\"\",\"afterField\":\"\",\"parentType\":\"email\",\"element_templates\":[\"email\",\"input\"],\"old_classname\":\"\",\"wrap_template\":\"wrap\"},{\"objectType\":\"Field\",\"objectDomain\":\"fields\",\"editActive\":false,\"order\":999,\"idAttribute\":\"id\",\"type\":\"submit\",\"label\":\"Pieteikties\",\"processing_label\":\"\",\"container_class\":\"one-third\",\"element_class\":\"\",\"key\":\"pieteikties_1559674962830\",\"drawerDisabled\":false,\"id\":6,\"beforeField\":\"\",\"afterField\":\"\",\"value\":\"\",\"label_pos\":\"above\",\"parentType\":\"textbox\",\"element_templates\":[\"submit\",\"button\",\"input\"],\"old_classname\":\"\",\"wrap_template\":\"wrap-no-label\"},{\"objectType\":\"Field\",\"objectDomain\":\"fields\",\"editActive\":false,\"order\":999,\"idAttribute\":\"id\",\"type\":\"recaptcha\",\"label\":\"Recaptcha\",\"container_class\":\"\",\"element_class\":\"\",\"size\":\"invisible\",\"key\":\"recaptcha_1645633425176\",\"drawerDisabled\":false,\"label_pos\":\"hidden\",\"id\":11,\"beforeField\":\"\",\"afterField\":\"\",\"value\":\"\",\"parentType\":\"textbox\",\"element_templates\":[\"recaptcha\",\"input\"],\"old_classname\":\"\",\"wrap_template\":\"wrap\",\"site_key\":\"6LdOCpkeAAAAAFN7HBtIf1oVYShdDGThXeoFTrjw\",\"theme\":\"light\",\"lang\":\"lv\"}];nfForms.push(form);<\/script>","protected":false},"excerpt":{"rendered":"<p>Izst\u0101de bija apskat\u0101ma no 2025. gada 18. oktobra l\u012bdz 8. decembrim. Izst\u0101des katalogs: PODNIEKA-LAIKTELPA-Katalogs-LV, PDF, 8MB Exhibition catalogue: PODNIEKS-SPACE-TIME-Catalogue-EN, PDF, 8MB Papla\u0161in\u0101ta Jura Podnieka filmu kolekcija skat\u0101ma ar\u012b: filmas.lv. Links uz grandiozo 5 s\u0113riju filmu &#8211; M\u0113s (only in english) Notice: JavaScript is required for this content.<\/p>\n","protected":false},"author":2,"featured_media":6979,"parent":0,"menu_order":0,"comment_status":"closed","ping_status":"closed","template":"","meta":{"inline_featured_image":false,"footnotes":""},"class_list":["post-6823","page","type-page","status-publish","has-post-thumbnail","hentry"],"yoast_head":"<!-- This site is optimized with the Yoast SEO plugin v26.6 - https:\/\/yoast.com\/wordpress\/plugins\/seo\/ -->\n<title>Juris Podnieks - kinomuzejs<\/title>\n<meta name=\"description\" content=\"Izst\u0101des katalogs \/ Exhibition catalogue. Find more Juris Podnieks films \/ Papla\u0161in\u0101ta Jura Podnieka filmu kolekcija skat\u0101ma ar\u012b: filmas.lv.\" \/>\n<meta name=\"robots\" content=\"index, follow, max-snippet:-1, max-image-preview:large, max-video-preview:-1\" \/>\n<link rel=\"canonical\" href=\"https:\/\/www.kinomuzejs.lv\/lv\/jura-podnieka-gads\/\" \/>\n<meta property=\"og:locale\" content=\"lv_LV\" \/>\n<meta property=\"og:type\" content=\"article\" \/>\n<meta property=\"og:title\" content=\"Juris Podnieks - kinomuzejs\" \/>\n<meta property=\"og:description\" content=\"Izst\u0101des katalogs \/ Exhibition catalogue. Find more Juris Podnieks films \/ Papla\u0161in\u0101ta Jura Podnieka filmu kolekcija skat\u0101ma ar\u012b: filmas.lv.\" \/>\n<meta property=\"og:url\" content=\"https:\/\/www.kinomuzejs.lv\/lv\/jura-podnieka-gads\/\" \/>\n<meta property=\"og:site_name\" content=\"kinomuzejs\" \/>\n<meta property=\"article:modified_time\" content=\"2026-02-11T13:46:28+00:00\" \/>\n<meta property=\"og:image\" content=\"https:\/\/www.kinomuzejs.lv\/wp-content\/uploads\/2025\/12\/FB-horizontal-1200x630-melns.jpg\" \/>\n\t<meta property=\"og:image:width\" content=\"1200\" \/>\n\t<meta property=\"og:image:height\" content=\"630\" \/>\n\t<meta property=\"og:image:type\" content=\"image\/jpeg\" \/>\n<meta name=\"twitter:card\" content=\"summary_large_image\" \/>\n<meta name=\"twitter:label1\" content=\"Est. reading time\" \/>\n\t<meta name=\"twitter:data1\" content=\"1 minute\" \/>\n<script type=\"application\/ld+json\" class=\"yoast-schema-graph\">{\"@context\":\"https:\/\/schema.org\",\"@graph\":[{\"@type\":\"WebPage\",\"@id\":\"https:\/\/www.kinomuzejs.lv\/lv\/jura-podnieka-gads\/\",\"url\":\"https:\/\/www.kinomuzejs.lv\/lv\/jura-podnieka-gads\/\",\"name\":\"Juris Podnieks - kinomuzejs\",\"isPartOf\":{\"@id\":\"https:\/\/www.kinomuzejs.lv\/lv\/#website\"},\"primaryImageOfPage\":{\"@id\":\"https:\/\/www.kinomuzejs.lv\/lv\/jura-podnieka-gads\/#primaryimage\"},\"image\":{\"@id\":\"https:\/\/www.kinomuzejs.lv\/jura-podnieka-gads\/#primaryimage\"},\"thumbnailUrl\":\"https:\/\/www.kinomuzejs.lv\/wp-content\/uploads\/2025\/12\/FB-horizontal-1200x630-melns.jpg\",\"datePublished\":\"2025-10-31T06:26:24+00:00\",\"dateModified\":\"2026-02-11T13:46:28+00:00\",\"description\":\"Izst\u0101des katalogs \/ Exhibition catalogue. Find more Juris Podnieks films \/ Papla\u0161in\u0101ta Jura Podnieka filmu kolekcija skat\u0101ma ar\u012b: filmas.lv.\",\"breadcrumb\":{\"@id\":\"https:\/\/www.kinomuzejs.lv\/lv\/jura-podnieka-gads\/#breadcrumb\"},\"inLanguage\":\"lv-LV\",\"potentialAction\":[{\"@type\":\"ReadAction\",\"target\":[[\"https:\/\/www.kinomuzejs.lv\/lv\/jura-podnieka-gads\/\"]]}]},{\"@type\":\"ImageObject\",\"inLanguage\":\"lv-LV\",\"@id\":\"https:\/\/www.kinomuzejs.lv\/lv\/jura-podnieka-gads\/#primaryimage\",\"url\":\"https:\/\/www.kinomuzejs.lv\/wp-content\/uploads\/2025\/12\/FB-horizontal-1200x630-melns.jpg\",\"contentUrl\":\"https:\/\/www.kinomuzejs.lv\/wp-content\/uploads\/2025\/12\/FB-horizontal-1200x630-melns.jpg\",\"width\":1200,\"height\":630},{\"@type\":\"BreadcrumbList\",\"@id\":\"https:\/\/www.kinomuzejs.lv\/lv\/jura-podnieka-gads\/#breadcrumb\",\"itemListElement\":[{\"@type\":\"ListItem\",\"position\":1,\"name\":\"Home\",\"item\":\"https:\/\/www.kinomuzejs.lv\/lv\/\"},{\"@type\":\"ListItem\",\"position\":2,\"name\":\"Juris Podnieks\"}]},{\"@type\":\"WebSite\",\"@id\":\"https:\/\/www.kinomuzejs.lv\/lv\/#website\",\"url\":\"https:\/\/www.kinomuzejs.lv\/lv\/\",\"name\":\"kinomuzejs\",\"description\":\"\",\"potentialAction\":[{\"@type\":\"SearchAction\",\"target\":{\"@type\":\"EntryPoint\",\"urlTemplate\":\"https:\/\/www.kinomuzejs.lv\/lv\/?s={search_term_string}\"},\"query-input\":{\"@type\":\"PropertyValueSpecification\",\"valueRequired\":true,\"valueName\":\"search_term_string\"}}],\"inLanguage\":\"lv-LV\"}]}<\/script>\n<!-- \/ Yoast SEO plugin. -->","yoast_head_json":{"title":"Juris Podnieks - kinomuzejs","description":"Izst\u0101des katalogs \/ Exhibition catalogue. Find more Juris Podnieks films \/ Papla\u0161in\u0101ta Jura Podnieka filmu kolekcija skat\u0101ma ar\u012b: filmas.lv.","robots":{"index":"index","follow":"follow","max-snippet":"max-snippet:-1","max-image-preview":"max-image-preview:large","max-video-preview":"max-video-preview:-1"},"canonical":"https:\/\/www.kinomuzejs.lv\/lv\/jura-podnieka-gads\/","og_locale":"lv_LV","og_type":"article","og_title":"Juris Podnieks - kinomuzejs","og_description":"Izst\u0101des katalogs \/ Exhibition catalogue. Find more Juris Podnieks films \/ Papla\u0161in\u0101ta Jura Podnieka filmu kolekcija skat\u0101ma ar\u012b: filmas.lv.","og_url":"https:\/\/www.kinomuzejs.lv\/lv\/jura-podnieka-gads\/","og_site_name":"kinomuzejs","article_modified_time":"2026-02-11T13:46:28+00:00","og_image":[{"width":1200,"height":630,"url":"https:\/\/www.kinomuzejs.lv\/wp-content\/uploads\/2025\/12\/FB-horizontal-1200x630-melns.jpg","type":"image\/jpeg"}],"twitter_card":"summary_large_image","twitter_misc":{"Est. reading time":"1 minute"},"schema":{"@context":"https:\/\/schema.org","@graph":[{"@type":"WebPage","@id":"https:\/\/www.kinomuzejs.lv\/lv\/jura-podnieka-gads\/","url":"https:\/\/www.kinomuzejs.lv\/lv\/jura-podnieka-gads\/","name":"Juris Podnieks - kinomuzejs","isPartOf":{"@id":"https:\/\/www.kinomuzejs.lv\/lv\/#website"},"primaryImageOfPage":{"@id":"https:\/\/www.kinomuzejs.lv\/lv\/jura-podnieka-gads\/#primaryimage"},"image":{"@id":"https:\/\/www.kinomuzejs.lv\/jura-podnieka-gads\/#primaryimage"},"thumbnailUrl":"https:\/\/www.kinomuzejs.lv\/wp-content\/uploads\/2025\/12\/FB-horizontal-1200x630-melns.jpg","datePublished":"2025-10-31T06:26:24+00:00","dateModified":"2026-02-11T13:46:28+00:00","description":"Izst\u0101des katalogs \/ Exhibition catalogue. Find more Juris Podnieks films \/ Papla\u0161in\u0101ta Jura Podnieka filmu kolekcija skat\u0101ma ar\u012b: filmas.lv.","breadcrumb":{"@id":"https:\/\/www.kinomuzejs.lv\/lv\/jura-podnieka-gads\/#breadcrumb"},"inLanguage":"lv-LV","potentialAction":[{"@type":"ReadAction","target":[["https:\/\/www.kinomuzejs.lv\/lv\/jura-podnieka-gads\/"]]}]},{"@type":"ImageObject","inLanguage":"lv-LV","@id":"https:\/\/www.kinomuzejs.lv\/lv\/jura-podnieka-gads\/#primaryimage","url":"https:\/\/www.kinomuzejs.lv\/wp-content\/uploads\/2025\/12\/FB-horizontal-1200x630-melns.jpg","contentUrl":"https:\/\/www.kinomuzejs.lv\/wp-content\/uploads\/2025\/12\/FB-horizontal-1200x630-melns.jpg","width":1200,"height":630},{"@type":"BreadcrumbList","@id":"https:\/\/www.kinomuzejs.lv\/lv\/jura-podnieka-gads\/#breadcrumb","itemListElement":[{"@type":"ListItem","position":1,"name":"Home","item":"https:\/\/www.kinomuzejs.lv\/lv\/"},{"@type":"ListItem","position":2,"name":"Juris Podnieks"}]},{"@type":"WebSite","@id":"https:\/\/www.kinomuzejs.lv\/lv\/#website","url":"https:\/\/www.kinomuzejs.lv\/lv\/","name":"kinomuzejs","description":"","potentialAction":[{"@type":"SearchAction","target":{"@type":"EntryPoint","urlTemplate":"https:\/\/www.kinomuzejs.lv\/lv\/?s={search_term_string}"},"query-input":{"@type":"PropertyValueSpecification","valueRequired":true,"valueName":"search_term_string"}}],"inLanguage":"lv-LV"}]}},"acf":[],"_links":{"self":[{"href":"https:\/\/www.kinomuzejs.lv\/lv\/wp-json\/wp\/v2\/pages\/6823","targetHints":{"allow":["GET"]}}],"collection":[{"href":"https:\/\/www.kinomuzejs.lv\/lv\/wp-json\/wp\/v2\/pages"}],"about":[{"href":"https:\/\/www.kinomuzejs.lv\/lv\/wp-json\/wp\/v2\/types\/page"}],"author":[{"embeddable":true,"href":"https:\/\/www.kinomuzejs.lv\/lv\/wp-json\/wp\/v2\/users\/2"}],"replies":[{"embeddable":true,"href":"https:\/\/www.kinomuzejs.lv\/lv\/wp-json\/wp\/v2\/comments?post=6823"}],"version-history":[{"count":37,"href":"https:\/\/www.kinomuzejs.lv\/lv\/wp-json\/wp\/v2\/pages\/6823\/revisions"}],"predecessor-version":[{"id":7082,"href":"https:\/\/www.kinomuzejs.lv\/lv\/wp-json\/wp\/v2\/pages\/6823\/revisions\/7082"}],"wp:featuredmedia":[{"embeddable":true,"href":"https:\/\/www.kinomuzejs.lv\/lv\/wp-json\/wp\/v2\/media\/6979"}],"wp:attachment":[{"href":"https:\/\/www.kinomuzejs.lv\/lv\/wp-json\/wp\/v2\/media?parent=6823"}],"curies":[{"name":"wp","href":"https:\/\/api.w.org\/{rel}","templated":true}]}}